{"id":331,"date":"2018-08-09T00:02:31","date_gmt":"2018-08-08T22:02:31","guid":{"rendered":"http:\/\/thabeafurrer.com\/?page_id=331"},"modified":"2022-01-09T14:53:18","modified_gmt":"2022-01-09T13:53:18","slug":"mitarbeit-auftrag","status":"publish","type":"page","link":"https:\/\/thabeafurrer.com\/?page_id=331","title":{"rendered":"FILMOGRAFIE MITARBEIT, AUFTRAG"},"content":{"rendered":"<p><strong>Assistenz Filmauswertung<\/strong><\/p>\n<p>2019 &#8211; 2021<br \/>\nfreih\u00e4ndler Filmproduktion GmbH<br \/>\n<a href=\"http:\/\/freihaendler.ch\/en\/\">http:\/\/freihaendler.ch\/en\/<\/a><\/p>\n<p><strong>Schnittpraktikum<\/strong><\/p>\n<p>SRF-Sendung, 4x 50&#8242;, 2019<br \/>\n&#8222;Das Tribunal&#8220;<br \/>\nvon Mathias Affolter<br \/>\nfilmformat GmbH<br \/>\n<a href=\"https:\/\/www.srf.ch\/play\/tv\/sendung\/das-tribunal?id=20683048-6472-4e89-ac84-462ac6bc6f89\">https:\/\/www.srf.ch\/play\/tv\/sendung\/das-tribunal?id=20683048-6472-4e89-ac84-462ac6bc6f89<\/a><\/p>\n<p><strong>Produktionsleitung<\/strong><\/p>\n<p>doc, 101&#8242;, 2020<br \/>\n&#8222;Who&#8217;s afraid of Alice Miller?&#8220;<br \/>\nvon Daniel Howald<br \/>\nSwissDok GmbH<br \/>\n<a href=\"https:\/\/whosafraidofalicemiller.com\/\">https:\/\/whosafraidofalicemiller.com\/<\/a><\/p>\n<p><strong>Transkribieren, Protokollieren<\/strong><\/p>\n<p>doc, 139&#8242;, 2021<br \/>\n&#8222;Parallel Lives&#8220;<br \/>\nvon Frank Matter<br \/>\nsoapfactory GmbH<br \/>\n<a href=\"https:\/\/www.soapfactory.ch\/filme-parallel-e.html\">https:\/\/www.soapfactory.ch\/filme-parallel-e.html<\/a><\/p>\n<p>doc, 101&#8242;, 2020<br \/>\n&#8222;Who&#8217;s afraid of Alice Miller?&#8220;<br \/>\nvon Daniel Howald<br \/>\nSwissDok GmbH<br \/>\n<a href=\"https:\/\/whosafraidofalicemiller.com\/\">https:\/\/whosafraidofalicemiller.com\/<\/a><\/p>\n<p><strong>Set-Ton<\/strong><\/p>\n<p>fic, 23&#8242;, 2021<br \/>\n&#8222;Sunshine Acid&#8220; von Gitti Gr\u00fcter, Tapir Filmatelier<br \/>\n<a href=\"https:\/\/tapirfilmatelier.com\/2020\/07\/16\/sunshine-acid\/\">https:\/\/vimeo.com\/gittigrueter<\/a><\/p>\n<p>doc, 94&#8242;, 2019<br \/>\n&#8222;Volunteer&#8220; von Anna Thommen &amp; Lorenz Nufer, sulacofilm<br \/>\n<a href=\"https:\/\/www.sulacofilm.ch\/portfolio-items\/volunteer\/\">https:\/\/www.volunteer-film.ch\/<\/a><\/p>\n<p class=\"p2\"><span class=\"s1\">doc, 50&#8242;, 2017<br \/>\n&#8222;Trauern braucht Zeit&#8220; von Ursula Brunner, SRF<br \/>\n<a href=\"https:\/\/www.youtube.com\/watch?v=eSYZzxzDEqI\">https:\/\/www.youtube.com\/watch?v=eSYZzxzDEqI<\/a><br \/>\n<\/span><\/p>\n<p>doc, 91&#8242;, 2017<br \/>\n&#8222;Das Erste und das Letzte&#8220; von Kaspar Kasics, Vinca Film GmbH<br \/>\n<a href=\"http:\/\/vincafilm.ch\/katalog\/37-das-erste-und-das-letzte\/\">http:\/\/vincafilm.ch\/katalog\/37-das-erste-und-das-letzte\/<\/a><\/p>\n<p class=\"p2\"><span class=\"s1\">doc, 16&#8242;, 2016<br \/>\n&#8222;Bitte um Aufmerksamkeit&#8220; von Gitti Gr\u00fcter, HSLU<br \/>\n<a href=\"https:\/\/www.swissfilms.ch\/de\/film_search\/filmdetails\/-\/id_film\/32D3756AB3864FB69C8A86E352003F3F\">https:\/\/vimeo.com\/gittigrueter<\/a><\/span><\/p>\n<p class=\"p2\"><span class=\"s1\">ani, 7&#8242;, 2016<br \/>\n&#8222;Love&amp;Loopholes&#8220; von Jane Mumford, HSLU<br \/>\n<a href=\"https:\/\/www.swissfilms.ch\/de\/film_search\/filmdetails\/-\/id_film\/2146991858\">https:\/\/www.swissfilms.ch\/de\/film_search\/filmdetails\/-\/id_film\/2146991858<\/a><br \/>\n<\/span><\/p>\n<p class=\"p2\"><span class=\"s1\">doc, 19&#8242;, 2015<br \/>\n&#8222;Anders als Andere&#8220; von Antonin Wittwer, HSLU<br \/>\n<a href=\"https:\/\/vimeo.com\/133331112\">https:\/\/vimeo.com\/133331112<\/a><br \/>\n<\/span><\/p>\n<p class=\"p2\"><span class=\"s1\">fic, 18&#8242;, 2013<br \/>\n&#8222;Die H\u00e4lfte der Welt&#8220; von J\u00e9r\u00f4me Furrer, ZHdK<br \/>\n<a href=\"https:\/\/www.swissfilms.ch\/de\/film_search\/filmdetails\/-\/id_film\/52292940EDF74A518F6C4F69F1AC12BE\">https:\/\/www.swissfilms.ch\/de\/film_search\/filmdetails\/-\/id_film\/52292940EDF74A518F6C4F69F1AC12BE<\/a><br \/>\n<\/span><\/p>\n<p><strong>Verschiedene<\/strong><\/p>\n<p>Videodokumentation, 4&#8217;36&#8220;, 2018<br \/>\nJohann Sebastian Bach &#8222;Weihnachtsoratorium&#8220; f\u00fcr\u00a0Musica Fiorita<br \/>\nKamera\/Ton\/Schnitt\/Nachbearbeitung<br \/>\n<a href=\"http:\/\/musicafiorita.ch\/index.php?mainmenu=3&amp;submenu=2&amp;nav=124567&amp;lang=d\">http:\/\/musicafiorita.ch\/index.php?mainmenu=3&amp;submenu=2&amp;nav=124567&amp;lang=d<\/a><\/p>\n<p>fic, 20&#8242;, 2013<br \/>\n&#8222;Orages d&#8217;\u00e9t\u00e9&#8220; von Nad\u00e8ge de Luthy Beno\u00eet, octuorfilms<br \/>\n2. Kamerassistenz<br \/>\n<a href=\"http:\/\/octuorfilms.ch\/orages-dete\/\">http:\/\/octuorfilms.ch\/orages-dete\/<\/a><\/p>\n<p class=\"p1\"><span class=\"s1\">fic, 13&#8242;, 2013<br \/>\n&#8222;Mosquito&#8220; von Timo von Gunten, cognitofilms<br \/>\nAufnahmeleitung<br \/>\n<a href=\"https:\/\/www.cognito-films.com\/shorts\/mosquito\/\">https:\/\/www.cognito-films.com\/shorts\/mosquito\/<\/a><br \/>\n<\/span><\/p>\n<p class=\"p1\"><span class=\"s1\">Videodokumentation, 20&#8242;, 2012<br \/>\n&#8222;Street Parade &#8211; <\/span><span class=\"s1\">Screening the day after&#8220;\u00a0<\/span><span class=\"s1\">Plastic Garbage Project f\u00fcr das<br \/>\n<\/span><span class=\"s1\">Museum f\u00fcr Gestaltung, Z\u00fcrich<br \/>\n<\/span><span class=\"s1\">Nachbearbeitung\/Schnitt<br \/>\n<a href=\"https:\/\/www.plasticgarbageproject.org\/zurich\">https:\/\/www.plasticgarbageproject.org\/zurich<\/a><\/span><\/p>\n","protected":false},"excerpt":{"rendered":"<p>Assistenz Filmauswertung 2019 &#8211; 2021 freih\u00e4ndler Filmproduktion GmbH http:\/\/freihaendler.ch\/en\/ Schnittpraktikum SRF-Sendung, 4x 50&#8242;, 2019 &#8222;Das Tribunal&#8220; von Mathias Affolter filmformat GmbH https:\/\/www.srf.ch\/play\/tv\/sendung\/das-tribunal?id=20683048-6472-4e89-ac84-462ac6bc6f89 Produktionsleitung doc, 101&#8242;, 2020 &#8222;Who&#8217;s afraid of Alice Miller?&#8220; von Daniel Howald SwissDok GmbH https:\/\/whosafraidofalicemiller.com\/ Transkribieren, Protokollieren doc, 139&#8242;, 2021 &#8222;Parallel Lives&#8220; von Frank Matter soapfactory GmbH https:\/\/www.soapfactory.ch\/filme-parallel-e.html doc, 101&#8242;, 2020 &#8222;Who&#8217;s afraid &hellip; <a href=\"https:\/\/thabeafurrer.com\/?page_id=331\" class=\"more-link\"><span class=\"screen-reader-text\">FILMOGRAFIE MITARBEIT, AUFTRAG<\/span> weiterlesen<\/a><\/p>\n","protected":false},"author":1,"featured_media":0,"parent":0,"menu_order":0,"comment_status":"closed","ping_status":"closed","template":"","meta":{"footnotes":""},"class_list":["post-331","page","type-page","status-publish","hentry"],"_links":{"self":[{"href":"https:\/\/thabeafurrer.com\/index.php?rest_route=\/wp\/v2\/pages\/331","targetHints":{"allow":["GET"]}}],"collection":[{"href":"https:\/\/thabeafurrer.com\/index.php?rest_route=\/wp\/v2\/pages"}],"about":[{"href":"https:\/\/thabeafurrer.com\/index.php?rest_route=\/wp\/v2\/types\/page"}],"author":[{"embeddable":true,"href":"https:\/\/thabeafurrer.com\/index.php?rest_route=\/wp\/v2\/users\/1"}],"replies":[{"embeddable":true,"href":"https:\/\/thabeafurrer.com\/index.php?rest_route=%2Fwp%2Fv2%2Fcomments&post=331"}],"version-history":[{"count":11,"href":"https:\/\/thabeafurrer.com\/index.php?rest_route=\/wp\/v2\/pages\/331\/revisions"}],"predecessor-version":[{"id":408,"href":"https:\/\/thabeafurrer.com\/index.php?rest_route=\/wp\/v2\/pages\/331\/revisions\/408"}],"wp:attachment":[{"href":"https:\/\/thabeafurrer.com\/index.php?rest_route=%2Fwp%2Fv2%2Fmedia&parent=331"}],"curies":[{"name":"wp","href":"https:\/\/api.w.org\/{rel}","templated":true}]}}