{"id":72,"date":"2018-07-21T16:28:55","date_gmt":"2018-07-21T14:28:55","guid":{"rendered":"http:\/\/thabeafurrer.com\/?page_id=72"},"modified":"2023-12-28T22:22:45","modified_gmt":"2023-12-28T21:22:45","slug":"about-2","status":"publish","type":"page","link":"https:\/\/thabeafurrer.com\/?page_id=72","title":{"rendered":"\u00dcBER \/ ABOUT"},"content":{"rendered":"<p><strong>Biografie \/ <em>Biography<\/em><\/strong><\/p>\n<div class=\"page\" title=\"Page 44\">\n<div class=\"layoutArea\">\n<div class=\"column\">\n<p>Thabea Furrer ist 1989 in Luzern geboren. W\u00e4hrend ihrer Kindheit lebte sie drei Jahre in Brasilien und ein Jahr in S\u00fcdafrika. 2012 besuchte sie den gestalterischen Vorkurs mit dem Schwerpunkt Cin\u00e9ma an der ECAL (Lausanne) und absolvierte 2016 das Filmstudium mit dem Schwerpunkt Regie an der Hochschule Luzern (HSLU). Seither arbeitet sie als freischaffende Filmemacherin.<\/p>\n<\/div>\n<\/div>\n<\/div>\n<p><em>Thabea Furrer was born in 1989 in Lucerne, Switzerland. As a child she lived three years in Brazil and one year in South Africa. 2012 she studied at the ECAL (Lausanne) with focus on cinema and 2016 she completed her film studies at the Lucerne School of Art and Design with focus on directing. Since then she has been working on various film projects.<\/em><\/p>\n","protected":false},"excerpt":{"rendered":"<p>Biografie \/ Biography Thabea Furrer ist 1989 in Luzern geboren. W\u00e4hrend ihrer Kindheit lebte sie drei Jahre in Brasilien und ein Jahr in S\u00fcdafrika. 2012 besuchte sie den gestalterischen Vorkurs mit dem Schwerpunkt Cin\u00e9ma an der ECAL (Lausanne) und absolvierte 2016 das Filmstudium mit dem Schwerpunkt Regie an der Hochschule Luzern (HSLU). Seither arbeitet sie &hellip; <a href=\"https:\/\/thabeafurrer.com\/?page_id=72\" class=\"more-link\"><span class=\"screen-reader-text\">\u00dcBER \/ ABOUT<\/span> weiterlesen<\/a><\/p>\n","protected":false},"author":1,"featured_media":0,"parent":0,"menu_order":0,"comment_status":"closed","ping_status":"closed","template":"","meta":{"footnotes":""},"class_list":["post-72","page","type-page","status-publish","hentry"],"_links":{"self":[{"href":"https:\/\/thabeafurrer.com\/index.php?rest_route=\/wp\/v2\/pages\/72","targetHints":{"allow":["GET"]}}],"collection":[{"href":"https:\/\/thabeafurrer.com\/index.php?rest_route=\/wp\/v2\/pages"}],"about":[{"href":"https:\/\/thabeafurrer.com\/index.php?rest_route=\/wp\/v2\/types\/page"}],"author":[{"embeddable":true,"href":"https:\/\/thabeafurrer.com\/index.php?rest_route=\/wp\/v2\/users\/1"}],"replies":[{"embeddable":true,"href":"https:\/\/thabeafurrer.com\/index.php?rest_route=%2Fwp%2Fv2%2Fcomments&post=72"}],"version-history":[{"count":18,"href":"https:\/\/thabeafurrer.com\/index.php?rest_route=\/wp\/v2\/pages\/72\/revisions"}],"predecessor-version":[{"id":134,"href":"https:\/\/thabeafurrer.com\/index.php?rest_route=\/wp\/v2\/pages\/72\/revisions\/134"}],"wp:attachment":[{"href":"https:\/\/thabeafurrer.com\/index.php?rest_route=%2Fwp%2Fv2%2Fmedia&parent=72"}],"curies":[{"name":"wp","href":"https:\/\/api.w.org\/{rel}","templated":true}]}}